{"id":12039,"date":"2018-03-25T16:41:49","date_gmt":"2018-03-25T14:41:49","guid":{"rendered":"https:\/\/www.der-digitalisierungsberater.de\/imprint\/"},"modified":"2026-04-26T17:15:21","modified_gmt":"2026-04-26T15:15:21","slug":"imprint","status":"publish","type":"page","link":"https:\/\/www.der-digitalisierungsberater.de\/en\/imprint\/","title":{"rendered":"Imprint"},"content":{"rendered":"<section class=\"l-section wpb_row height_medium\"><div class=\"l-section-h i-cf\"><div class=\"g-cols vc_row via_flex valign_top type_default stacking_default\"><div class=\"vc_col-sm-12 wpb_column vc_column_container\"><div class=\"vc_column-inner\"><div class=\"wpb_wrapper\"><div class=\"wpb_text_column\"><div class=\"wpb_wrapper\"><h1>Imprint<\/h1>\n<h2>Information according to \u00a7 5 TMG<\/h2>\n<p>Christoph Gro\u00df<br \/>\nSupply Chain Competence Center &#8211; Gro\u00df &amp; Partner<br \/>\nHundsweihers\u00e4gem\u00fchle 1<br \/>\n67714 Heltersberg<\/p>\n<h2>Contact<\/h2>\n<p>Phone: +4915122345659<br \/>\nEmail: scc-info@scc-center.de<\/p>\n<h2>VAT ID<\/h2>\n<p>VAT identification number according to \u00a7 27 a of the German VAT Act:<br \/>\nDE243563718<\/p>\n<h2>Professional Liability Insurance Information<\/h2>\n<p><strong>Name and registered office of the insurer:<\/strong><br \/>\nHiscox Europe Underwriting Limited<br \/>\nBranch office for the Federal Republic of Germany<br \/>\nGeneral Representative: Robert Dietrich<br \/>\nArnulfstra\u00dfe 31<br \/>\n80636 Munich<\/p>\n<p><strong>Territorial scope of insurance:<\/strong><br \/>\nWorldwide<\/p>\n<h2>Editorially Responsible<\/h2>\n<p>Christoph Gro\u00df<br \/>\nHundsweihers\u00e4gem\u00fchle 1<br \/>\n67714 Heltersberg<\/p>\n<h2>EU Dispute Resolution<\/h2>\n<p>The European Commission provides a platform for online dispute resolution (ODR): <a href=\"https:\/\/ec.europa.eu\/consumers\/odr\/\" target=\"_blank\" rel=\"noopener noreferrer\">https:\/\/ec.europa.eu\/consumers\/odr\/<\/a>.<br \/>\nYou can find our email address above in the imprint.<\/p>\n<h2>Consumer Dispute Resolution\/Universal Arbitration Board<\/h2>\n<p>We are not willing or obligated to participate in dispute resolution proceedings before a consumer arbitration board.<\/p>\n<h3><a href=\"https:\/\/www.der-digitalisierungsberater.de\/social-media-datenschutzerklaerung\/\">To the social media privacy policy<\/a><\/h3>\n<\/div><\/div><\/div><\/div><\/div><\/div><\/div><\/section><section class=\"l-section wpb_row height_medium\"><div class=\"l-section-h i-cf\"><div class=\"g-cols vc_row via_flex valign_top type_default stacking_default\"><div class=\"vc_col-sm-12 wpb_column vc_column_container\"><div class=\"vc_column-inner\"><div class=\"wpb_wrapper\"><div class=\"wpb_text_column\"><div class=\"wpb_wrapper\"><p>Icons and images:<br \/>\n<a href=\"https:\/\/icons8.com\/icons\/set\/survey\" target=\"_blank\" rel=\"noopener noreferrer\">Survey icon<\/a> icon by <a href=\"https:\/\/icons8.com\" target=\"_blank\" rel=\"noopener noreferrer\">Icons8<\/a><\/p>\n<p>Image rights: All other images are the property of Christoph Gro\u00df or were purchased from <a href=\"https:\/\/www.shutterstock.com\/\" target=\"_blank\" rel=\"noopener\">Shutterstock<\/a> or downloaded free of charge and license-free from <a href=\"https:\/\/unsplash.com\/\" target=\"_blank\" rel=\"noopener\">unsplash<\/a> or <a href=\"https:\/\/www.pexels.com\/de-de\/\" target=\"_blank\" rel=\"noopener\">pexels<\/a>.<\/p>\n<\/div><\/div><\/div><\/div><\/div><\/div><\/div><\/section>\n<div class=\"woocommerce woocommerce-gzd woocommerce-gzd-complaints-shortcode\">\n\t\t\t<h3>Alternative Dispute Resolution in accordance with Art. 14 (1) ODR-VO and \u00a7 36 VSBG:<\/h3>\n\t\nZur Teilnahme an einem Streitbeilegungsverfahren vor einer Verbraucherschlichtungsstelle sind wir nicht verpflichtet und nicht bereit.<\/div>\n","protected":false},"excerpt":{"rendered":"Imprint Information according to \u00a7 5 TMG Christoph Gro\u00df Supply Chain Competence Center &#8211; Gro\u00df &amp; Partner Hundsweihers\u00e4gem\u00fchle 1 67714 Heltersberg Contact Phone: +4915122345659 Email: scc-info@scc-center.de VAT ID VAT identification...","protected":false},"author":1,"featured_media":0,"parent":0,"menu_order":0,"comment_status":"closed","ping_status":"closed","template":"","meta":{"footnotes":""},"class_list":["post-12039","page","type-page","status-publish","hentry"],"_links":{"self":[{"href":"https:\/\/www.der-digitalisierungsberater.de\/en\/wp-json\/wp\/v2\/pages\/12039","targetHints":{"allow":["GET"]}}],"collection":[{"href":"https:\/\/www.der-digitalisierungsberater.de\/en\/wp-json\/wp\/v2\/pages"}],"about":[{"href":"https:\/\/www.der-digitalisierungsberater.de\/en\/wp-json\/wp\/v2\/types\/page"}],"author":[{"embeddable":true,"href":"https:\/\/www.der-digitalisierungsberater.de\/en\/wp-json\/wp\/v2\/users\/1"}],"replies":[{"embeddable":true,"href":"https:\/\/www.der-digitalisierungsberater.de\/en\/wp-json\/wp\/v2\/comments?post=12039"}],"version-history":[{"count":3,"href":"https:\/\/www.der-digitalisierungsberater.de\/en\/wp-json\/wp\/v2\/pages\/12039\/revisions"}],"predecessor-version":[{"id":12043,"href":"https:\/\/www.der-digitalisierungsberater.de\/en\/wp-json\/wp\/v2\/pages\/12039\/revisions\/12043"}],"wp:attachment":[{"href":"https:\/\/www.der-digitalisierungsberater.de\/en\/wp-json\/wp\/v2\/media?parent=12039"}],"curies":[{"name":"wp","href":"https:\/\/api.w.org\/{rel}","templated":true}]}}